{"id":220,"date":"2026-04-29T14:30:10","date_gmt":"2026-04-29T12:30:10","guid":{"rendered":"https:\/\/best-mix.hu\/?post_type=product&#038;p=220"},"modified":"2026-04-29T14:30:10","modified_gmt":"2026-04-29T12:30:10","slug":"fokhagyma-aroma-spray-100-ml","status":"publish","type":"product","link":"https:\/\/best-mix.hu\/?product=fokhagyma-aroma-spray-100-ml","title":{"rendered":"Fokhagyma aroma spray (100 ml)"},"content":{"rendered":"<p data-start=\"127\" data-end=\"306\">A fokhagyma az egyik \u00f6r\u00f6k klasszikus \u00e9s nem v\u00e9letlen\u00fcl. Ez az az \u00edzvil\u00e1g, ami szinte minden v\u00edzen m\u0171k\u00f6dik, \u00e9s sokszor akkor is hoz kap\u00e1st, amikor m\u00e1s arom\u00e1k m\u00e1r cs\u0151d\u00f6t mondanak.<\/p>\n<p data-start=\"308\" data-end=\"499\">Ez a spray kifejezetten azoknak a helyzeteknek k\u00e9sz\u00fclt, amikor biztosra akarsz menni. A karakteres, term\u00e9szetes fokhagyma aroma gyorsan terjed a v\u00edzben, \u00e9s azonnal felkelti a halak figyelm\u00e9t.<\/p>\n<p data-start=\"501\" data-end=\"801\">A fluo z\u00f6ld sz\u00edn nem csak l\u00e1tv\u00e1nyos, hanem komoly szerepe van a v\u00edzben. A kos\u00e1r v\u00edzbe \u00e9rkez\u00e9se ut\u00e1n azonnal aktiv\u00e1l\u00f3dik, \u00e9s s\u00fcllyed\u00e9s k\u00f6zben egy felt\u0171n\u0151 sz\u00edn- \u00e9s aromacs\u00edkot h\u00faz maga ut\u00e1n a teljes v\u00edzoszlopban. Ez a cs\u00edk a v\u00edzk\u00f6zt tart\u00f3zkod\u00f3 halakat leh\u00fazza a mederfen\u00e9kre, k\u00f6zvetlen\u00fcl a kosarad k\u00f6r\u00e9.<\/p>\n<p data-start=\"803\" data-end=\"929\">Az aljzatra \u00e9rve tov\u00e1bb dolgozik: intenz\u00edv, hosszan megmarad\u00f3 felh\u0151t k\u00e9pez, ami ott tartja a halakat \u00e9s kap\u00e1sra k\u00e9szteti \u0151ket.<\/p>\n<p data-start=\"931\" data-end=\"1042\">Ez a spray eg\u00e9sz \u00e9vben j\u00f3l m\u0171k\u00f6dik, de k\u00fcl\u00f6n\u00f6sen j\u00f3l j\u00f6n hidegebb v\u00edzben vagy nehezebb, nyom\u00e1s alatt l\u00e9v\u0151 p\u00e1ly\u00e1kon.<\/p>\n<p data-start=\"931\" data-end=\"1042\"><strong data-start=\"1376\" data-end=\"1389\">\u00cdzes\u00edt\u00e9s:<\/strong> Fokhagyma<br data-start=\"1399\" data-end=\"1402\" \/><strong data-start=\"1402\" data-end=\"1417\">Kiszerel\u00e9s:<\/strong> 100 ml<\/p>\n","protected":false},"excerpt":{"rendered":"<ul>\n<li data-section-id=\"1kb3t6w\" data-start=\"1072\" data-end=\"1116\">\ud83e\uddc4 Klasszikus, er\u0151teljes fokhagyma aroma<\/li>\n<li data-section-id=\"1qexpv5\" data-start=\"1117\" data-end=\"1161\">\ud83d\udfe2 Flu z\u00f6ld sz\u00edn a maxim\u00e1lis felt\u0171n\u00e9s\u00e9rt<\/li>\n<li data-section-id=\"rumt4y\" data-start=\"1162\" data-end=\"1226\">\ud83c\udfaf V\u00edzoszlopban h\u00fazott cs\u00edk, ami leh\u00fazza a halakat a fen\u00e9kre<\/li>\n<li data-section-id=\"1mcypu0\" data-start=\"1227\" data-end=\"1262\">\u26a1 Gyors old\u00f3d\u00e1s, azonnali hat\u00e1s<\/li>\n<li data-section-id=\"htcrpi\" data-start=\"1263\" data-end=\"1305\">\ud83c\udf0a Hosszan dolgoz\u00f3 felh\u0151 a kos\u00e1r k\u00f6r\u00fcl<\/li>\n<li data-section-id=\"1xc0jz7\" data-start=\"1306\" data-end=\"1369\">\ud83c\udfa3 Method kos\u00e1rhoz, etet\u0151anyaghoz \u00e9s pelletekhez is ide\u00e1lis<\/li>\n<\/ul>\n","protected":false},"featured_media":221,"comment_status":"open","ping_status":"closed","template":"","meta":[],"product_brand":[],"product_cat":[26],"product_tag":[],"class_list":{"0":"post-220","1":"product","2":"type-product","3":"status-publish","4":"has-post-thumbnail","6":"product_cat-aromak","8":"entry","9":"has-media","11":"first","12":"instock","13":"taxable","14":"shipping-taxable","15":"purchasable","16":"product-type-simple","17":"has-product-nav","18":"col","19":"span_1_of_3","20":"owp-content-center","21":"owp-thumbs-layout-horizontal","22":"owp-btn-normal","23":"owp-tabs-layout-horizontal","24":"has-no-thumbnails"},"_links":{"self":[{"href":"https:\/\/best-mix.hu\/index.php?rest_route=\/wp\/v2\/product\/220","targetHints":{"allow":["GET"]}}],"collection":[{"href":"https:\/\/best-mix.hu\/index.php?rest_route=\/wp\/v2\/product"}],"about":[{"href":"https:\/\/best-mix.hu\/index.php?rest_route=\/wp\/v2\/types\/product"}],"replies":[{"embeddable":true,"href":"https:\/\/best-mix.hu\/index.php?rest_route=%2Fwp%2Fv2%2Fcomments&post=220"}],"wp:featuredmedia":[{"embeddable":true,"href":"https:\/\/best-mix.hu\/index.php?rest_route=\/wp\/v2\/media\/221"}],"wp:attachment":[{"href":"https:\/\/best-mix.hu\/index.php?rest_route=%2Fwp%2Fv2%2Fmedia&parent=220"}],"wp:term":[{"taxonomy":"product_brand","embeddable":true,"href":"https:\/\/best-mix.hu\/index.php?rest_route=%2Fwp%2Fv2%2Fproduct_brand&post=220"},{"taxonomy":"product_cat","embeddable":true,"href":"https:\/\/best-mix.hu\/index.php?rest_route=%2Fwp%2Fv2%2Fproduct_cat&post=220"},{"taxonomy":"product_tag","embeddable":true,"href":"https:\/\/best-mix.hu\/index.php?rest_route=%2Fwp%2Fv2%2Fproduct_tag&post=220"}],"curies":[{"name":"wp","href":"https:\/\/api.w.org\/{rel}","templated":true}]}}