{"id":146,"date":"2026-04-16T19:03:22","date_gmt":"2026-04-16T17:03:22","guid":{"rendered":"https:\/\/best-mix.hu\/?post_type=product&#038;p=146"},"modified":"2026-04-29T14:16:09","modified_gmt":"2026-04-29T12:16:09","slug":"banan-krill-aroma-spray-100ml","status":"publish","type":"product","link":"https:\/\/best-mix.hu\/?product=banan-krill-aroma-spray-100ml","title":{"rendered":"Ban\u00e1n Krill aroma spray-100ml"},"content":{"rendered":"<p data-start=\"148\" data-end=\"405\">Ha szereted azokat a megold\u00e1sokat, amik kil\u00f3gnak a megszokott \u00edzek k\u00f6z\u00fcl, akkor a Blero 55 hamar a kedvenced lesz. A ban\u00e1n \u00e9desk\u00e9s, figyelemfelkelt\u0151 karaktere tal\u00e1lkozik a krill mark\u00e1ns, term\u00e9szetes vonal\u00e1val. Ez a p\u00e1ros meglep\u0151en hat\u00e9kony tud lenni.<\/p>\n<p data-start=\"407\" data-end=\"642\">Ez a spray pont azokra a helyzetekre lett kital\u00e1lva, amikor valami \u00fajat kell mutatni a halaknak. Egy k\u00fcl\u00f6nleges kombin\u00e1ci\u00f3, ami nem j\u00f6n szembe minden m\u00e1sodik horg\u00e1szn\u00e1l \u00e9s sokszor pont ez adja meg azt a pluszt, amit\u0151l beindul a peca.<\/p>\n<p data-start=\"644\" data-end=\"897\">A piros sz\u00edn itt is komoly szerepet kap. A kos\u00e1r v\u00edzbe \u00e9rkez\u00e9se ut\u00e1n azonnal aktiv\u00e1l\u00f3dik, \u00e9s s\u00fcllyed\u00e9s k\u00f6zben egy j\u00f3l l\u00e1that\u00f3 sz\u00edn \u00e9s aromacs\u00edkot h\u00faz maga ut\u00e1n. Ez a cs\u00edk a v\u00edzk\u00f6zt tart\u00f3zkod\u00f3 halakat sz\u00e9pen levezeti a fen\u00e9kre, k\u00f6zvetlen\u00fcl a kosaradhoz.<\/p>\n<p data-start=\"899\" data-end=\"1039\">Ahogy le\u00e9r az aljzatra, ott tov\u00e1bb dolgozik: egy intenz\u00edv, csalogat\u00f3 felh\u0151t k\u00e9pez, ami egy helyben tartja a halakat \u00e9s ev\u00e9sre \u00f6szt\u00f6nzi \u0151ket.<\/p>\n","protected":false},"excerpt":{"rendered":"<ul>\n<li data-section-id=\"1gbvywg\" data-start=\"1111\" data-end=\"1174\">\ud83c\udf4c\ud83d\udc1f Egyedi ban\u00e1n\u2013krill kombin\u00e1ci\u00f3<\/li>\n<li data-section-id=\"1e8u06o\" data-start=\"1175\" data-end=\"1226\">\ud83d\udd34 Er\u0151s piros sz\u00edn a maxim\u00e1lis \u00e9szlelhet\u0151s\u00e9g\u00e9rt<\/li>\n<li data-section-id=\"rumt4y\" data-start=\"1227\" data-end=\"1291\">\ud83c\udfaf V\u00edzoszlopban h\u00fazott cs\u00edk, ami leh\u00fazza a halakat a fen\u00e9kre<\/li>\n<li data-section-id=\"1nd3eub\" data-start=\"1292\" data-end=\"1329\">\u26a1 Gyors old\u00f3d\u00e1s, azonnali reakci\u00f3<\/li>\n<li data-section-id=\"htcrpi\" data-start=\"1330\" data-end=\"1372\">\ud83c\udf0a Hosszan dolgoz\u00f3 felh\u0151 a kos\u00e1r k\u00f6r\u00fcl<\/li>\n<li data-section-id=\"1wsw73t\" data-start=\"1373\" data-end=\"1433\">\ud83c\udfa3 Ide\u00e1lis method kos\u00e1rhoz, etet\u0151anyaghoz \u00e9s pelletekhez<\/li>\n<\/ul>\n","protected":false},"featured_media":147,"comment_status":"open","ping_status":"closed","template":"","meta":[],"product_brand":[],"product_cat":[26,15],"product_tag":[],"class_list":{"0":"post-146","1":"product","2":"type-product","3":"status-publish","4":"has-post-thumbnail","6":"product_cat-aromak","7":"product_cat-egyeb","9":"entry","10":"has-media","12":"first","13":"instock","14":"sale","15":"taxable","16":"shipping-taxable","17":"purchasable","18":"product-type-simple","19":"has-product-nav","20":"col","21":"span_1_of_3","22":"owp-content-center","23":"owp-thumbs-layout-horizontal","24":"owp-btn-normal","25":"owp-tabs-layout-horizontal","26":"has-no-thumbnails"},"_links":{"self":[{"href":"https:\/\/best-mix.hu\/index.php?rest_route=\/wp\/v2\/product\/146","targetHints":{"allow":["GET"]}}],"collection":[{"href":"https:\/\/best-mix.hu\/index.php?rest_route=\/wp\/v2\/product"}],"about":[{"href":"https:\/\/best-mix.hu\/index.php?rest_route=\/wp\/v2\/types\/product"}],"replies":[{"embeddable":true,"href":"https:\/\/best-mix.hu\/index.php?rest_route=%2Fwp%2Fv2%2Fcomments&post=146"}],"wp:featuredmedia":[{"embeddable":true,"href":"https:\/\/best-mix.hu\/index.php?rest_route=\/wp\/v2\/media\/147"}],"wp:attachment":[{"href":"https:\/\/best-mix.hu\/index.php?rest_route=%2Fwp%2Fv2%2Fmedia&parent=146"}],"wp:term":[{"taxonomy":"product_brand","embeddable":true,"href":"https:\/\/best-mix.hu\/index.php?rest_route=%2Fwp%2Fv2%2Fproduct_brand&post=146"},{"taxonomy":"product_cat","embeddable":true,"href":"https:\/\/best-mix.hu\/index.php?rest_route=%2Fwp%2Fv2%2Fproduct_cat&post=146"},{"taxonomy":"product_tag","embeddable":true,"href":"https:\/\/best-mix.hu\/index.php?rest_route=%2Fwp%2Fv2%2Fproduct_tag&post=146"}],"curies":[{"name":"wp","href":"https:\/\/api.w.org\/{rel}","templated":true}]}}