{"id":133,"date":"2026-04-14T12:28:12","date_gmt":"2026-04-14T10:28:12","guid":{"rendered":"https:\/\/best-mix.hu\/?post_type=product&#038;p=133"},"modified":"2026-04-27T14:14:47","modified_gmt":"2026-04-27T12:14:47","slug":"big-boy-pellet-mix-fuszeres-kolbasz","status":"publish","type":"product","link":"https:\/\/best-mix.hu\/?product=big-boy-pellet-mix-fuszeres-kolbasz","title":{"rendered":"Big Boy pellet mix-F\u0171szeres Kolb\u00e1sz"},"content":{"rendered":"<p>A Big Boy pellet mix kifejezetten nagyhalas horg\u00e1szatra k\u00e9sz\u00fclt, amikor nem apr\u00f3zni akarsz, hanem c\u00e9lzottan a testesebb halakat keresed. A 2\u20134 mm-es pelletm\u00e9ret ide\u00e1lis egyens\u00falyt ad: el\u00e9g apr\u00f3 ahhoz, hogy gyorsan dolgozzon, m\u00e9gis szelekt\u00edv maradjon. A mark\u00e1ns, f\u0171szeres kolb\u00e1sz \u00edzes\u00edt\u00e9s er\u0151teljes jelz\u00e9st ad a v\u00edzben, ami k\u00fcl\u00f6n\u00f6sen hat\u00e9kony nagyobb pontyok eset\u00e9ben. A kever\u00e9kbe ker\u00fcl\u0151 egyedi piros pelletek vizu\u00e1lisan is kiemelkednek, plusz ingerhat\u00e1st adva a kap\u00e1sok kiv\u00e1lt\u00e1s\u00e1hoz. Gyors reakci\u00f3, er\u0151s karakter, nagyhalas f\u00f3kusz. Pontosan erre lett kital\u00e1lva.<\/p>\n","protected":false},"excerpt":{"rendered":"<ul>\n<li><span class=\"html-span xexx8yu xyri2b x18d9i69 x1c1uobl x1hl2dhg x16tdsg8 x1vvkbs x3nfvp2 x1j61x8r x1fcty0u xdj266r xat24cr xm2jcoa x1mpyi22 xxymvpz xlup9mm x1kky2od\"><img decoding=\"async\" class=\"xz74otr x15mokao x1ga7v0g x16uus16 xbiv7yw\" src=\"https:\/\/static.xx.fbcdn.net\/images\/emoji.php\/v9\/t21\/1\/16\/1f41f.png\" alt=\"\ud83d\udc1f\" width=\"16\" height=\"16\" \/><\/span> Kifejezetten nagyhalas horg\u00e1szatra fejlesztve<\/li>\n<li><span class=\"html-span xexx8yu xyri2b x18d9i69 x1c1uobl x1hl2dhg x16tdsg8 x1vvkbs x3nfvp2 x1j61x8r x1fcty0u xdj266r xat24cr xm2jcoa x1mpyi22 xxymvpz xlup9mm x1kky2od\"><img decoding=\"async\" class=\"xz74otr x15mokao x1ga7v0g x16uus16 xbiv7yw\" src=\"https:\/\/static.xx.fbcdn.net\/images\/emoji.php\/v9\/tee\/1\/16\/1f336.png\" alt=\"\ud83c\udf36\ufe0f\" width=\"16\" height=\"16\" \/><\/span> Er\u0151teljes, f\u0171szeres kolb\u00e1sz aroma<\/li>\n<li><span class=\"html-span xexx8yu xyri2b x18d9i69 x1c1uobl x1hl2dhg x16tdsg8 x1vvkbs x3nfvp2 x1j61x8r x1fcty0u xdj266r xat24cr xm2jcoa x1mpyi22 xxymvpz xlup9mm x1kky2od\"><img decoding=\"async\" class=\"xz74otr x15mokao x1ga7v0g x16uus16 xbiv7yw\" src=\"https:\/\/static.xx.fbcdn.net\/images\/emoji.php\/v9\/t6e\/1\/16\/1f534.png\" alt=\"\ud83d\udd34\" width=\"16\" height=\"16\" \/><\/span> Egyedi piros pelletek a plusz vizu\u00e1lis hat\u00e1s\u00e9rt<\/li>\n<li><span class=\"html-span xexx8yu xyri2b x18d9i69 x1c1uobl x1hl2dhg x16tdsg8 x1vvkbs x3nfvp2 x1j61x8r x1fcty0u xdj266r xat24cr xm2jcoa x1mpyi22 xxymvpz xlup9mm x1kky2od\"><img loading=\"lazy\" decoding=\"async\" class=\"xz74otr x15mokao x1ga7v0g x16uus16 xbiv7yw\" src=\"https:\/\/static.xx.fbcdn.net\/images\/emoji.php\/v9\/ta\/1\/16\/2696.png\" alt=\"\u2696\ufe0f\" width=\"16\" height=\"16\" \/><\/span> 2\u20134 mm-es pelletm\u00e9ret az ide\u00e1lis m\u0171k\u00f6d\u00e9shez<\/li>\n<li><span class=\"html-span xexx8yu xyri2b x18d9i69 x1c1uobl x1hl2dhg x16tdsg8 x1vvkbs x3nfvp2 x1j61x8r x1fcty0u xdj266r xat24cr xm2jcoa x1mpyi22 xxymvpz xlup9mm x1kky2od\"><img loading=\"lazy\" decoding=\"async\" class=\"xz74otr x15mokao x1ga7v0g x16uus16 xbiv7yw\" src=\"https:\/\/static.xx.fbcdn.net\/images\/emoji.php\/v9\/tfd\/1\/16\/1f3a3.png\" alt=\"\ud83c\udfa3\" width=\"16\" height=\"16\" \/><\/span> Method \u00e9s feeder technik\u00e1hoz is t\u00f6k\u00e9letes<\/li>\n<\/ul>\n","protected":false},"featured_media":134,"comment_status":"open","ping_status":"closed","template":"","meta":[],"product_brand":[],"product_cat":[15,25],"product_tag":[],"class_list":{"0":"post-133","1":"product","2":"type-product","3":"status-publish","4":"has-post-thumbnail","6":"product_cat-egyeb","7":"product_cat-pellet-mixek","9":"entry","10":"has-media","12":"first","13":"instock","14":"taxable","15":"shipping-taxable","16":"purchasable","17":"product-type-simple","18":"has-product-nav","19":"col","20":"span_1_of_3","21":"owp-content-center","22":"owp-thumbs-layout-horizontal","23":"owp-btn-normal","24":"owp-tabs-layout-horizontal","25":"has-no-thumbnails"},"_links":{"self":[{"href":"https:\/\/best-mix.hu\/index.php?rest_route=\/wp\/v2\/product\/133","targetHints":{"allow":["GET"]}}],"collection":[{"href":"https:\/\/best-mix.hu\/index.php?rest_route=\/wp\/v2\/product"}],"about":[{"href":"https:\/\/best-mix.hu\/index.php?rest_route=\/wp\/v2\/types\/product"}],"replies":[{"embeddable":true,"href":"https:\/\/best-mix.hu\/index.php?rest_route=%2Fwp%2Fv2%2Fcomments&post=133"}],"wp:featuredmedia":[{"embeddable":true,"href":"https:\/\/best-mix.hu\/index.php?rest_route=\/wp\/v2\/media\/134"}],"wp:attachment":[{"href":"https:\/\/best-mix.hu\/index.php?rest_route=%2Fwp%2Fv2%2Fmedia&parent=133"}],"wp:term":[{"taxonomy":"product_brand","embeddable":true,"href":"https:\/\/best-mix.hu\/index.php?rest_route=%2Fwp%2Fv2%2Fproduct_brand&post=133"},{"taxonomy":"product_cat","embeddable":true,"href":"https:\/\/best-mix.hu\/index.php?rest_route=%2Fwp%2Fv2%2Fproduct_cat&post=133"},{"taxonomy":"product_tag","embeddable":true,"href":"https:\/\/best-mix.hu\/index.php?rest_route=%2Fwp%2Fv2%2Fproduct_tag&post=133"}],"curies":[{"name":"wp","href":"https:\/\/api.w.org\/{rel}","templated":true}]}}