{"id":131,"date":"2026-04-14T12:15:23","date_gmt":"2026-04-14T10:15:23","guid":{"rendered":"https:\/\/best-mix.hu\/?post_type=product&#038;p=131"},"modified":"2026-04-27T14:14:47","modified_gmt":"2026-04-27T12:14:47","slug":"oszi-pellet-mix","status":"publish","type":"product","link":"https:\/\/best-mix.hu\/?product=oszi-pellet-mix","title":{"rendered":"\u0150szi pellet mix"},"content":{"rendered":"<p>Ha az \u0151szi horg\u00e1szatokon hat\u00e1rozott kap\u00e1sokat \u00e9s stabil bont\u00e1st szeretn\u00e9l el\u00e9rni, ez a mix kiv\u00e1l\u00f3 v\u00e1laszt\u00e1s. A leh\u0171l\u0151 v\u00edzben a halak m\u00e9g akt\u00edvan t\u00e1pl\u00e1lkoznak, de egyre ink\u00e1bb a tartal\u00e9kol\u00e1sra koncentr\u00e1lnak, teh\u00e1t a min\u0151s\u00e9gi kaj\u00e1t r\u00e9szes\u00edtik el\u0151nyben, ez\u00e9rt olyan etet\u0151anyagra van sz\u00fcks\u00e9g, amely gyorsan kifejti hat\u00e1s\u00e1t, m\u00e9gis hosszabb ideig a mederfen\u00e9ken tartja a halakat, \u00e9s folyamatos ingerrel \u00f6szt\u00f6nzi \u0151ket t\u00e1pl\u00e1lkoz\u00e1sra.<\/p>\n<p>Ez a pellet mix t\u00f6bbf\u00e9le, gondosan \u00f6sszev\u00e1logatott pelletek kombin\u00e1ci\u00f3j\u00e1b\u00f3l \u00e1ll \u00f6ssze, melyek 2-4 mm-es pellet szemekb\u0151l tev\u0151dnek \u00f6ssze. A finom szemcsem\u00e9retnek k\u00f6sz\u00f6nhet\u0151en j\u00f3l kezelhet\u0151, k\u00f6nnyen form\u00e1zhat\u00f3, \u00e9s t\u00f6k\u00e9letesen haszn\u00e1lhat\u00f3 method \u00e9s bord\u00e1s kos\u00e1rban. A megfelel\u0151 bekever\u00e9s ut\u00e1n a kos\u00e1rban r\u00f6vid ideig stabil marad, \u00edgy biztosan eljut a mederfen\u00e9kre, ahol intenz\u00edv bont\u00e1sba kezd. Ez a folyamat lehet\u0151v\u00e9 teszi, hogy a csalogat\u00f3 hat\u00e1s pontosan a meder fen\u00e9ken induljon el, ahol a halak tart\u00f3zkodnak. Mark\u00e1ns, halas jelleg\u0171 illat.<\/p>\n<p>Haszn\u00e1lata egyszer\u0171 \u00e9s gyors, nem ig\u00e9nyel bonyolult el\u0151k\u00e9sz\u00edt\u00e9st. 4 dl vizet \u00f6nts\u00fcnk egy zacsk\u00f3 pellet mixhez, majd hagyjuk pihenni 15 percet \u00e9s m\u00e1r k\u00e9sz is a haszn\u00e1latra.<\/p>\n<p>Ez a mix azoknak k\u00e9sz\u00fclt, akik nem akarnak feleslegesen k\u00eds\u00e9rletezni, hanem egy megb\u00edzhat\u00f3, j\u00f3l m\u0171k\u00f6d\u0151 megold\u00e1st keresnek az \u0151szi horg\u00e1szatokra.<\/p>\n<p>Kiszerel\u00e9s: 800g<\/p>\n","protected":false},"excerpt":{"rendered":"<ul>\n<li><span class=\"html-span xexx8yu xyri2b x18d9i69 x1c1uobl x1hl2dhg x16tdsg8 x1vvkbs x3nfvp2 x1j61x8r x1fcty0u xdj266r xat24cr xm2jcoa x1mpyi22 xxymvpz xlup9mm x1kky2od\"><img decoding=\"async\" class=\"xz74otr x15mokao x1ga7v0g x16uus16 xbiv7yw\" src=\"https:\/\/static.xx.fbcdn.net\/images\/emoji.php\/v9\/t89\/1\/16\/1f342.png\" alt=\"\ud83c\udf42\" width=\"16\" height=\"16\" \/><\/span> Kifejezetten \u0151szi, leh\u0171l\u0151 vizekre fejlesztett kever\u00e9k<\/li>\n<li><span class=\"html-span xexx8yu xyri2b x18d9i69 x1c1uobl x1hl2dhg x16tdsg8 x1vvkbs x3nfvp2 x1j61x8r x1fcty0u xdj266r xat24cr xm2jcoa x1mpyi22 xxymvpz xlup9mm x1kky2od\"><img decoding=\"async\" class=\"xz74otr x15mokao x1ga7v0g x16uus16 xbiv7yw\" src=\"https:\/\/static.xx.fbcdn.net\/images\/emoji.php\/v9\/t5d\/1\/16\/26a1.png\" alt=\"\u26a1\" width=\"16\" height=\"16\" \/><\/span> Gyors reakci\u00f3 alacsonyabb v\u00edzh\u0151m\u00e9rs\u00e9kleten is<\/li>\n<li><span class=\"html-span xexx8yu xyri2b x18d9i69 x1c1uobl x1hl2dhg x16tdsg8 x1vvkbs x3nfvp2 x1j61x8r x1fcty0u xdj266r xat24cr xm2jcoa x1mpyi22 xxymvpz xlup9mm x1kky2od\"><img decoding=\"async\" class=\"xz74otr x15mokao x1ga7v0g x16uus16 xbiv7yw\" src=\"https:\/\/static.xx.fbcdn.net\/images\/emoji.php\/v9\/tb0\/1\/16\/1f3af.png\" alt=\"\ud83c\udfaf\" width=\"16\" height=\"16\" \/><\/span> Hat\u00e9kony bont\u00e1s, ami a mederfen\u00e9ken fejti ki hat\u00e1s\u00e1t<\/li>\n<li><span class=\"html-span xexx8yu xyri2b x18d9i69 x1c1uobl x1hl2dhg x16tdsg8 x1vvkbs x3nfvp2 x1j61x8r x1fcty0u xdj266r xat24cr xm2jcoa x1mpyi22 xxymvpz xlup9mm x1kky2od\"><img loading=\"lazy\" decoding=\"async\" class=\"xz74otr x15mokao x1ga7v0g x16uus16 xbiv7yw\" src=\"https:\/\/static.xx.fbcdn.net\/images\/emoji.php\/v9\/t42\/1\/16\/1f4a7.png\" alt=\"\ud83d\udca7\" width=\"16\" height=\"16\" \/><\/span> Folyamatos csalogat\u00f3 hat\u00e1s<\/li>\n<li><span class=\"html-span xexx8yu xyri2b x18d9i69 x1c1uobl x1hl2dhg x16tdsg8 x1vvkbs x3nfvp2 x1j61x8r x1fcty0u xdj266r xat24cr xm2jcoa x1mpyi22 xxymvpz xlup9mm x1kky2od\"><img loading=\"lazy\" decoding=\"async\" class=\"xz74otr x15mokao x1ga7v0g x16uus16 xbiv7yw\" src=\"https:\/\/static.xx.fbcdn.net\/images\/emoji.php\/v9\/t2d\/1\/16\/1f9ea.png\" alt=\"\ud83e\uddea\" width=\"16\" height=\"16\" \/><\/span> Tudatosan \u00f6ssze\u00e1ll\u00edtott recept\u00fara a stabil m\u0171k\u00f6d\u00e9s\u00e9rt<\/li>\n<li><span class=\"html-span xexx8yu xyri2b x18d9i69 x1c1uobl x1hl2dhg x16tdsg8 x1vvkbs x3nfvp2 x1j61x8r x1fcty0u xdj266r xat24cr xm2jcoa x1mpyi22 xxymvpz xlup9mm x1kky2od\"><img loading=\"lazy\" decoding=\"async\" class=\"xz74otr x15mokao x1ga7v0g x16uus16 xbiv7yw\" src=\"https:\/\/static.xx.fbcdn.net\/images\/emoji.php\/v9\/tfd\/1\/16\/1f3a3.png\" alt=\"\ud83c\udfa3\" width=\"16\" height=\"16\" \/><\/span> Method \u00e9s feeder horg\u00e1szathoz optimaliz\u00e1lva<\/li>\n<\/ul>\n","protected":false},"featured_media":132,"comment_status":"open","ping_status":"closed","template":"","meta":[],"product_brand":[],"product_cat":[15,25],"product_tag":[],"class_list":{"0":"post-131","1":"product","2":"type-product","3":"status-publish","4":"has-post-thumbnail","6":"product_cat-egyeb","7":"product_cat-pellet-mixek","9":"entry","10":"has-media","12":"first","13":"instock","14":"taxable","15":"shipping-taxable","16":"purchasable","17":"product-type-simple","18":"has-product-nav","19":"col","20":"span_1_of_3","21":"owp-content-center","22":"owp-thumbs-layout-horizontal","23":"owp-btn-normal","24":"owp-tabs-layout-horizontal","25":"has-no-thumbnails"},"_links":{"self":[{"href":"https:\/\/best-mix.hu\/index.php?rest_route=\/wp\/v2\/product\/131","targetHints":{"allow":["GET"]}}],"collection":[{"href":"https:\/\/best-mix.hu\/index.php?rest_route=\/wp\/v2\/product"}],"about":[{"href":"https:\/\/best-mix.hu\/index.php?rest_route=\/wp\/v2\/types\/product"}],"replies":[{"embeddable":true,"href":"https:\/\/best-mix.hu\/index.php?rest_route=%2Fwp%2Fv2%2Fcomments&post=131"}],"wp:featuredmedia":[{"embeddable":true,"href":"https:\/\/best-mix.hu\/index.php?rest_route=\/wp\/v2\/media\/132"}],"wp:attachment":[{"href":"https:\/\/best-mix.hu\/index.php?rest_route=%2Fwp%2Fv2%2Fmedia&parent=131"}],"wp:term":[{"taxonomy":"product_brand","embeddable":true,"href":"https:\/\/best-mix.hu\/index.php?rest_route=%2Fwp%2Fv2%2Fproduct_brand&post=131"},{"taxonomy":"product_cat","embeddable":true,"href":"https:\/\/best-mix.hu\/index.php?rest_route=%2Fwp%2Fv2%2Fproduct_cat&post=131"},{"taxonomy":"product_tag","embeddable":true,"href":"https:\/\/best-mix.hu\/index.php?rest_route=%2Fwp%2Fv2%2Fproduct_tag&post=131"}],"curies":[{"name":"wp","href":"https:\/\/api.w.org\/{rel}","templated":true}]}}