{"id":129,"date":"2026-04-14T11:50:39","date_gmt":"2026-04-14T09:50:39","guid":{"rendered":"https:\/\/best-mix.hu\/?post_type=product&#038;p=129"},"modified":"2026-04-27T14:14:47","modified_gmt":"2026-04-27T12:14:47","slug":"nyari-pellet-mix","status":"publish","type":"product","link":"https:\/\/best-mix.hu\/?product=nyari-pellet-mix","title":{"rendered":"Ny\u00e1ri pellet mix"},"content":{"rendered":"<p>Ha a ny\u00e1ri horg\u00e1szatokon gyors reakci\u00f3t \u00e9s folyamatos aktivit\u00e1st szeretn\u00e9l el\u00e9rni, ez a mix ide\u00e1lis v\u00e1laszt\u00e1s. A kever\u00e9ket kifejezetten felmelegedett vizekre optimaliz\u00e1ltuk, ahol a halak intenz\u00edven t\u00e1pl\u00e1lkoznak, de a nagy mennyis\u00e9g\u0171 term\u00e9szetes t\u00e1pl\u00e1l\u00e9k miatt k\u00f6nnyebben v\u00e1logatnak. Olyan \u00f6sszet\u00e9telt kapott, amely gyorsan dolgozik a mederfen\u00e9ken, m\u00e9gis tart\u00f3san ott tartja a halakat a horgod k\u00f6rny\u00e9k\u00e9n.<\/p>\n<p>A pellet mix t\u00f6bbf\u00e9le, gondosan \u00f6sszev\u00e1logatott pelletek kombin\u00e1ci\u00f3j\u00e1b\u00f3l \u00e1ll \u00f6ssze, melyek 2-4 mm-es pellet szemekb\u0151l tev\u0151dnek \u00f6ssze. A finom szemcsem\u00e9retnek k\u00f6sz\u00f6nhet\u0151en j\u00f3l kezelhet\u0151, k\u00f6nnyen form\u00e1zhat\u00f3, \u00e9s t\u00f6k\u00e9letesen haszn\u00e1lhat\u00f3 method \u00e9s bord\u00e1s kos\u00e1rban. A megfelel\u0151 bekever\u00e9s ut\u00e1n a kos\u00e1rban r\u00f6vid ideig stabil marad, \u00edgy biztosan eljut a mederfen\u00e9kre, ahol intenz\u00edv bont\u00e1sba kezd. Ez a folyamat lehet\u0151v\u00e9 teszi, hogy a csalogat\u00f3 hat\u00e1s pontosan a meder fen\u00e9ken induljon el, ahol a halak tart\u00f3zkodnak. A mark\u00e1ns, halas jelleg\u0171 illat.<\/p>\n<p>Haszn\u00e1lata egyszer\u0171 \u00e9s gyors, nem ig\u00e9nyel bonyolult el\u0151k\u00e9sz\u00edt\u00e9st. 4 dl vizet \u00f6nts\u00fcnk egy zacsk\u00f3 pellet mixhez, majd hagyjuk pihenni 15 percet \u00e9s m\u00e1r k\u00e9sz is a haszn\u00e1latra.<\/p>\n<p>Ez a mix azoknak k\u00e9sz\u00fclt, akik nem akarnak feleslegesen k\u00eds\u00e9rletezni, hanem egy megb\u00edzhat\u00f3, j\u00f3l m\u0171k\u00f6d\u0151 megold\u00e1st keresnek a ny\u00e1ri horg\u00e1szatokra.<\/p>\n","protected":false},"excerpt":{"rendered":"<ul>\n<li><span class=\"html-span xexx8yu xyri2b x18d9i69 x1c1uobl x1hl2dhg x16tdsg8 x1vvkbs x3nfvp2 x1j61x8r x1fcty0u xdj266r xat24cr xm2jcoa x1mpyi22 xxymvpz xlup9mm x1kky2od\"><img decoding=\"async\" class=\"xz74otr x15mokao x1ga7v0g x16uus16 xbiv7yw\" src=\"https:\/\/static.xx.fbcdn.net\/images\/emoji.php\/v9\/t50\/1\/16\/1f525.png\" alt=\"\ud83d\udd25\" width=\"16\" height=\"16\" \/><\/span> Kifejezetten felmelegedett vizekre fejlesztve<\/li>\n<li><span class=\"html-span xexx8yu xyri2b x18d9i69 x1c1uobl x1hl2dhg x16tdsg8 x1vvkbs x3nfvp2 x1j61x8r x1fcty0u xdj266r xat24cr xm2jcoa x1mpyi22 xxymvpz xlup9mm x1kky2od\"><img decoding=\"async\" class=\"xz74otr x15mokao x1ga7v0g x16uus16 xbiv7yw\" src=\"https:\/\/static.xx.fbcdn.net\/images\/emoji.php\/v9\/t5d\/1\/16\/26a1.png\" alt=\"\u26a1\" width=\"16\" height=\"16\" \/><\/span> Gyors bont\u00e1s a mederfen\u00e9ken<\/li>\n<li>\u00a0<span class=\"html-span xexx8yu xyri2b x18d9i69 x1c1uobl x1hl2dhg x16tdsg8 x1vvkbs x3nfvp2 x1j61x8r x1fcty0u xdj266r xat24cr xm2jcoa x1mpyi22 xxymvpz xlup9mm x1kky2od\"><img decoding=\"async\" class=\"xz74otr x15mokao x1ga7v0g x16uus16 xbiv7yw\" src=\"https:\/\/static.xx.fbcdn.net\/images\/emoji.php\/v9\/t2d\/1\/16\/1f9ea.png\" alt=\"\ud83e\uddea\" width=\"16\" height=\"16\" \/><\/span> Kiegyens\u00falyozott \u00f6sszet\u00e9tel a stabil teljes\u00edtm\u00e9ny\u00e9rt<\/li>\n<li><span class=\"html-span xexx8yu xyri2b x18d9i69 x1c1uobl x1hl2dhg x16tdsg8 x1vvkbs x3nfvp2 x1j61x8r x1fcty0u xdj266r xat24cr xm2jcoa x1mpyi22 xxymvpz xlup9mm x1kky2od\"><img loading=\"lazy\" decoding=\"async\" class=\"xz74otr x15mokao x1ga7v0g x16uus16 xbiv7yw\" src=\"https:\/\/static.xx.fbcdn.net\/images\/emoji.php\/v9\/tfd\/1\/16\/1f3a3.png\" alt=\"\ud83c\udfa3\" width=\"16\" height=\"16\" \/><\/span> Method \u00e9s feeder technik\u00e1hoz optimaliz\u00e1lva<\/li>\n<\/ul>\n","protected":false},"featured_media":130,"comment_status":"open","ping_status":"closed","template":"","meta":[],"product_brand":[],"product_cat":[15,25],"product_tag":[],"class_list":{"0":"post-129","1":"product","2":"type-product","3":"status-publish","4":"has-post-thumbnail","6":"product_cat-egyeb","7":"product_cat-pellet-mixek","9":"entry","10":"has-media","12":"first","13":"instock","14":"taxable","15":"shipping-taxable","16":"purchasable","17":"product-type-simple","18":"has-product-nav","19":"col","20":"span_1_of_3","21":"owp-content-center","22":"owp-thumbs-layout-horizontal","23":"owp-btn-normal","24":"owp-tabs-layout-horizontal","25":"has-no-thumbnails"},"_links":{"self":[{"href":"https:\/\/best-mix.hu\/index.php?rest_route=\/wp\/v2\/product\/129","targetHints":{"allow":["GET"]}}],"collection":[{"href":"https:\/\/best-mix.hu\/index.php?rest_route=\/wp\/v2\/product"}],"about":[{"href":"https:\/\/best-mix.hu\/index.php?rest_route=\/wp\/v2\/types\/product"}],"replies":[{"embeddable":true,"href":"https:\/\/best-mix.hu\/index.php?rest_route=%2Fwp%2Fv2%2Fcomments&post=129"}],"wp:featuredmedia":[{"embeddable":true,"href":"https:\/\/best-mix.hu\/index.php?rest_route=\/wp\/v2\/media\/130"}],"wp:attachment":[{"href":"https:\/\/best-mix.hu\/index.php?rest_route=%2Fwp%2Fv2%2Fmedia&parent=129"}],"wp:term":[{"taxonomy":"product_brand","embeddable":true,"href":"https:\/\/best-mix.hu\/index.php?rest_route=%2Fwp%2Fv2%2Fproduct_brand&post=129"},{"taxonomy":"product_cat","embeddable":true,"href":"https:\/\/best-mix.hu\/index.php?rest_route=%2Fwp%2Fv2%2Fproduct_cat&post=129"},{"taxonomy":"product_tag","embeddable":true,"href":"https:\/\/best-mix.hu\/index.php?rest_route=%2Fwp%2Fv2%2Fproduct_tag&post=129"}],"curies":[{"name":"wp","href":"https:\/\/api.w.org\/{rel}","templated":true}]}}