{"id":127,"date":"2026-04-14T11:35:28","date_gmt":"2026-04-14T09:35:28","guid":{"rendered":"https:\/\/best-mix.hu\/?post_type=product&#038;p=127"},"modified":"2026-04-29T14:18:37","modified_gmt":"2026-04-29T12:18:37","slug":"summer-one-vajsav-sargadinnye-aroma-gel","status":"publish","type":"product","link":"https:\/\/best-mix.hu\/?product=summer-one-vajsav-sargadinnye-aroma-gel","title":{"rendered":"Summer One Vajsav-s\u00e1rgadinnye aroma g\u00e9l 100ml"},"content":{"rendered":"<p>Az aroma g\u00e9l egy koncentr\u00e1lt, s\u0171r\u0171 \u00e1llag\u00fa adal\u00e9k, amelyet kifejezetten method \u00e9s feeder horg\u00e1szathoz fejlesztett\u00fcnk. Tapad\u00f3s \u00e1llag\u00e1nak k\u00f6sz\u00f6nhet\u0151en t\u00f6k\u00e9letesen megtapad a kos\u00e1ron vagy az etet\u0151anyagon, \u00edgy dob\u00e1sn\u00e1l sem mos\u00f3dik le. V\u00edzbe \u00e9rve azonnal dolgozni kezd: intenz\u00edv illat\u00e1val gyorsan figyelmet kelt, \u00e9s folyamatosan old\u00f3dva vonzza a halakat a horgod k\u00f6zel\u00e9be. Ide\u00e1lis v\u00e1laszt\u00e1s, ha gyors kap\u00e1sokat szeretn\u00e9l el\u00e9rni, ak\u00e1r keres\u0151 pec\u00e1n, ak\u00e1r etetett helyen.<\/p>\n<p>\u00cdz: Vajsav-S\u00e1rgadinnye<br \/>\nKiszerel\u00e9s: 100ml<\/p>\n","protected":false},"excerpt":{"rendered":"<ul>\n<li>\u00a0<span class=\"html-span xexx8yu xyri2b x18d9i69 x1c1uobl x1hl2dhg x16tdsg8 x1vvkbs x3nfvp2 x1j61x8r x1fcty0u xdj266r xat24cr xm2jcoa x1mpyi22 xxymvpz xlup9mm x1kky2od\"><img decoding=\"async\" class=\"xz74otr x15mokao x1ga7v0g x16uus16 xbiv7yw\" src=\"https:\/\/static.xx.fbcdn.net\/images\/emoji.php\/v9\/t8f\/1\/16\/1f348.png\" alt=\"\ud83c\udf48\" width=\"16\" height=\"16\" \/><\/span> Er\u0151teljes vajsav\u2013s\u00e1rgadinnye aroma<\/li>\n<li><span class=\"html-span xexx8yu xyri2b x18d9i69 x1c1uobl x1hl2dhg x16tdsg8 x1vvkbs x3nfvp2 x1j61x8r x1fcty0u xdj266r xat24cr xm2jcoa x1mpyi22 xxymvpz xlup9mm x1kky2od\"><img decoding=\"async\" class=\"xz74otr x15mokao x1ga7v0g x16uus16 xbiv7yw\" src=\"https:\/\/static.xx.fbcdn.net\/images\/emoji.php\/v9\/t42\/1\/16\/1f4a7.png\" alt=\"\ud83d\udca7\" width=\"16\" height=\"16\" \/><\/span> S\u0171r\u0171, j\u00f3l tapad\u00f3 g\u00e9l \u00e1llag<\/li>\n<li><span class=\"html-span xexx8yu xyri2b x18d9i69 x1c1uobl x1hl2dhg x16tdsg8 x1vvkbs x3nfvp2 x1j61x8r x1fcty0u xdj266r xat24cr xm2jcoa x1mpyi22 xxymvpz xlup9mm x1kky2od\"><img decoding=\"async\" class=\"xz74otr x15mokao x1ga7v0g x16uus16 xbiv7yw\" src=\"https:\/\/static.xx.fbcdn.net\/images\/emoji.php\/v9\/tc6\/1\/16\/1f680.png\" alt=\"\ud83d\ude80\" width=\"16\" height=\"16\" \/><\/span> Gyors hat\u00e1s, intenz\u00edv csalogat\u00f3er\u0151<\/li>\n<li><span class=\"html-span xexx8yu xyri2b x18d9i69 x1c1uobl x1hl2dhg x16tdsg8 x1vvkbs x3nfvp2 x1j61x8r x1fcty0u xdj266r xat24cr xm2jcoa x1mpyi22 xxymvpz xlup9mm x1kky2od\"><img loading=\"lazy\" decoding=\"async\" class=\"xz74otr x15mokao x1ga7v0g x16uus16 xbiv7yw\" src=\"https:\/\/static.xx.fbcdn.net\/images\/emoji.php\/v9\/tfd\/1\/16\/1f3a3.png\" alt=\"\ud83c\udfa3\" width=\"16\" height=\"16\" \/><\/span> Method \u00e9s feeder technik\u00e1hoz ide\u00e1lis<\/li>\n<\/ul>\n","protected":false},"featured_media":216,"comment_status":"open","ping_status":"closed","template":"","meta":[],"product_brand":[],"product_cat":[26,15],"product_tag":[],"class_list":{"0":"post-127","1":"product","2":"type-product","3":"status-publish","4":"has-post-thumbnail","6":"product_cat-aromak","7":"product_cat-egyeb","9":"entry","10":"has-media","12":"first","13":"instock","14":"taxable","15":"shipping-taxable","16":"purchasable","17":"product-type-simple","18":"has-product-nav","19":"col","20":"span_1_of_3","21":"owp-content-center","22":"owp-thumbs-layout-horizontal","23":"owp-btn-normal","24":"owp-tabs-layout-horizontal","25":"has-no-thumbnails"},"_links":{"self":[{"href":"https:\/\/best-mix.hu\/index.php?rest_route=\/wp\/v2\/product\/127","targetHints":{"allow":["GET"]}}],"collection":[{"href":"https:\/\/best-mix.hu\/index.php?rest_route=\/wp\/v2\/product"}],"about":[{"href":"https:\/\/best-mix.hu\/index.php?rest_route=\/wp\/v2\/types\/product"}],"replies":[{"embeddable":true,"href":"https:\/\/best-mix.hu\/index.php?rest_route=%2Fwp%2Fv2%2Fcomments&post=127"}],"wp:featuredmedia":[{"embeddable":true,"href":"https:\/\/best-mix.hu\/index.php?rest_route=\/wp\/v2\/media\/216"}],"wp:attachment":[{"href":"https:\/\/best-mix.hu\/index.php?rest_route=%2Fwp%2Fv2%2Fmedia&parent=127"}],"wp:term":[{"taxonomy":"product_brand","embeddable":true,"href":"https:\/\/best-mix.hu\/index.php?rest_route=%2Fwp%2Fv2%2Fproduct_brand&post=127"},{"taxonomy":"product_cat","embeddable":true,"href":"https:\/\/best-mix.hu\/index.php?rest_route=%2Fwp%2Fv2%2Fproduct_cat&post=127"},{"taxonomy":"product_tag","embeddable":true,"href":"https:\/\/best-mix.hu\/index.php?rest_route=%2Fwp%2Fv2%2Fproduct_tag&post=127"}],"curies":[{"name":"wp","href":"https:\/\/api.w.org\/{rel}","templated":true}]}}