{"id":125,"date":"2026-04-14T11:25:26","date_gmt":"2026-04-14T09:25:26","guid":{"rendered":"https:\/\/best-mix.hu\/?post_type=product&#038;p=125"},"modified":"2026-04-27T14:15:27","modified_gmt":"2026-04-27T12:15:27","slug":"racer-wafter-eperkrem-8mm","status":"publish","type":"product","link":"https:\/\/best-mix.hu\/?product=racer-wafter-eperkrem-8mm","title":{"rendered":"Racer wafter Eperkr\u00e9m-8mm"},"content":{"rendered":"<p>A Racer Wafter egy sokoldal\u00fa, kiegyens\u00falyozott felhajt\u00f3erej\u0171 csali, amelyet kifejezetten gyors reakci\u00f3kra \u00e9s biztos akad\u00e1sokra fejlesztett\u00fcnk. Egy dobozban 5 k\u00fcl\u00f6nb\u00f6z\u0151 sz\u00edn tal\u00e1lhat\u00f3, \u00edgy egyetlen csomaggal is k\u00f6nnyed\u00e9n alkalmazkodhatsz az adott horg\u00e1szat k\u00f6r\u00fclm\u00e9nyeihez, ami gyakorlatilag minden helyzetre megold\u00e1st ny\u00fajt. T\u00fcsk\u00e9re helyezve term\u00e9szetesen viselkedik a mederfen\u00e9ken, \u00edgy m\u00e9g az \u00f3vatosan t\u00e1pl\u00e1lkoz\u00f3 halak is k\u00f6nnyed\u00e9n felszippantj\u00e1k. Az eperkr\u00e9m \u00edzes\u00edt\u00e9s intenz\u00edv, m\u00e9gsem tolakod\u00f3, a v\u00edzbe \u00e9rve gyorsan aktiv\u00e1l\u00f3dik, \u00e9s hat\u00e9konyan a horoghoz vezeti a halakat. A dobozban tal\u00e1lhat\u00f3 5 bev\u00e1lt sz\u00ednkombin\u00e1ci\u00f3 (s\u00e1rga, narancss\u00e1rga, feh\u00e9r, pink, barna) lehet\u0151v\u00e9 teszi, hogy minden v\u00edzt\u00edpushoz \u00e9s f\u00e9nyviszonyhoz megtal\u00e1ld a legjobban m\u0171k\u00f6d\u0151 v\u00e1ltozatot. Legyen sz\u00f3 agressz\u00edv kap\u00e1sokr\u00f3l vagy finny\u00e1s halakr\u00f3l.<\/p>\n","protected":false},"excerpt":{"rendered":"<div class=\"html-div xdj266r x14z9mp xat24cr x1lziwak xexx8yu xyri2b x18d9i69 x1c1uobl xeuugli x1vjfegm\">\n<div>\n<div class=\"html-div xdj266r x14z9mp xat24cr x1lziwak xexx8yu xyri2b x18d9i69 x1c1uobl x78zum5 xh8yej3\" role=\"presentation\">\n<div class=\"x78zum5 xdt5ytf x193iq5w x1n2onr6 x1kxipp6 xuk3077\">\n<div class=\"x78zum5 xh8yej3\" role=\"none\">\n<div class=\"html-div xdj266r x14z9mp xat24cr x1lziwak xexx8yu xyri2b x18d9i69 x1c1uobl x6ikm8r x10wlt62\">\n<div class=\"html-div xdj266r x14z9mp xat24cr x1lziwak x14ctfv x13sv91t x6ikm8r x10wlt62 xerhiuh x1pn3fxy x10zy8in xm9bcq3 x1n2onr6 x1vjfegm x1k4qllp x1mzt3pk x13faqbe x11jlvup xpmdkuv xrmkrer x12z03op x9wyiwl x13fuv20 x18b5jzi x1q0q8m5 x1t7ytsu x12lizq0 x1nrdd72 x1ybe9c6 xx487zo xaymx6s x1lu5o8o x1ou5ly4 xofb2d2\" role=\"presentation\">\n<ul>\n<li class=\"html-div xexx8yu xyri2b x18d9i69 x1c1uobl x1gslohp x14z9mp x12nagc x1lziwak x1yc453h x126k92a xyk4ms5\" dir=\"auto\"><span class=\"html-span xexx8yu xyri2b x18d9i69 x1c1uobl x1hl2dhg x16tdsg8 x1vvkbs x3nfvp2 x1j61x8r x1fcty0u xdj266r xat24cr xm2jcoa x1mpyi22 xxymvpz xlup9mm x1kky2od\"><img decoding=\"async\" class=\"xz74otr x15mokao x1ga7v0g x16uus16 xbiv7yw\" src=\"https:\/\/static.xx.fbcdn.net\/images\/emoji.php\/v9\/t21\/1\/16\/1f41f.png\" alt=\"\ud83d\udc1f\" width=\"16\" height=\"16\" \/><\/span> Kiegyens\u00falyozott felhajt\u00f3er\u0151<\/li>\n<li class=\"html-div xexx8yu xyri2b x18d9i69 x1c1uobl x1gslohp x14z9mp x12nagc x1lziwak x1yc453h x126k92a xyk4ms5\" dir=\"auto\"><span class=\"html-span xexx8yu xyri2b x18d9i69 x1c1uobl x1hl2dhg x16tdsg8 x1vvkbs x3nfvp2 x1j61x8r x1fcty0u xdj266r xat24cr xm2jcoa x1mpyi22 xxymvpz xlup9mm x1kky2od\"><img decoding=\"async\" class=\"xz74otr x15mokao x1ga7v0g x16uus16 xbiv7yw\" src=\"https:\/\/static.xx.fbcdn.net\/images\/emoji.php\/v9\/tb0\/1\/16\/1f3af.png\" alt=\"\ud83c\udfaf\" width=\"16\" height=\"16\" \/><\/span> K\u00f6nnyen felszippanthat\u00f3, \u00f3vatos halakn\u00e1l is m\u0171k\u00f6dik<\/li>\n<li class=\"html-div xexx8yu xyri2b x18d9i69 x1c1uobl x1gslohp x14z9mp x12nagc x1lziwak x1yc453h x126k92a xyk4ms5\" dir=\"auto\"><span class=\"html-span xexx8yu xyri2b x18d9i69 x1c1uobl x1hl2dhg x16tdsg8 x1vvkbs x3nfvp2 x1j61x8r x1fcty0u xdj266r xat24cr xm2jcoa x1mpyi22 xxymvpz xlup9mm x1kky2od\"><img decoding=\"async\" class=\"xz74otr x15mokao x1ga7v0g x16uus16 xbiv7yw\" src=\"https:\/\/static.xx.fbcdn.net\/images\/emoji.php\/v9\/ta9\/1\/16\/1f353.png\" alt=\"\ud83c\udf53\" width=\"16\" height=\"16\" \/><\/span> Intenz\u00edv eperkr\u00e9m aroma, gyors csalogat\u00f3 hat\u00e1s<\/li>\n<li class=\"html-div xexx8yu xyri2b x18d9i69 x1c1uobl x1gslohp x14z9mp x12nagc x1lziwak x1yc453h x126k92a xyk4ms5\" dir=\"auto\"><span class=\"html-span xexx8yu xyri2b x18d9i69 x1c1uobl x1hl2dhg x16tdsg8 x1vvkbs x3nfvp2 x1j61x8r x1fcty0u xdj266r xat24cr xm2jcoa x1mpyi22 xxymvpz xlup9mm x1kky2od\"><img loading=\"lazy\" decoding=\"async\" class=\"xz74otr x15mokao x1ga7v0g x16uus16 xbiv7yw\" src=\"https:\/\/static.xx.fbcdn.net\/images\/emoji.php\/v9\/t13\/1\/16\/1f308.png\" alt=\"\ud83c\udf08\" width=\"16\" height=\"16\" \/><\/span> 5 fog\u00f3s sz\u00edn egy dobozban, minden helyzetre megold\u00e1s<\/li>\n<li class=\"html-div xexx8yu xyri2b x18d9i69 x1c1uobl x1gslohp x14z9mp x12nagc x1lziwak x1yc453h x126k92a xyk4ms5\" dir=\"auto\"><span class=\"html-span xexx8yu xyri2b x18d9i69 x1c1uobl x1hl2dhg x16tdsg8 x1vvkbs x3nfvp2 x1j61x8r x1fcty0u xdj266r xat24cr xm2jcoa x1mpyi22 xxymvpz xlup9mm x1kky2od\"><img loading=\"lazy\" decoding=\"async\" class=\"xz74otr x15mokao x1ga7v0g x16uus16 xbiv7yw\" src=\"https:\/\/static.xx.fbcdn.net\/images\/emoji.php\/v9\/tfd\/1\/16\/1f3a3.png\" alt=\"\ud83c\udfa3\" width=\"16\" height=\"16\" \/><\/span> Versenyhelyzetben is hat\u00e9kony v\u00e1laszt\u00e1s<\/li>\n<\/ul>\n<\/div>\n<\/div>\n<\/div>\n<\/div>\n<\/div>\n<div class=\"html-div xdj266r x14z9mp xat24cr x1lziwak xexx8yu xyri2b x18d9i69 x1c1uobl x1h91t0o xkh2ocl x78zum5 xdt5ytf x13a6bvl x193iq5w x1c4vz4f x1eb86dx\" role=\"presentation\">\n<div class=\"html-div xdj266r x14z9mp xat24cr x1lziwak xexx8yu xyri2b x18d9i69 x1c1uobl\"><\/div>\n<\/div>\n<\/div>\n<\/div>\n<div class=\"html-div xdj266r x14z9mp xat24cr x1lziwak xexx8yu x1c1uobl x1eb86dx x78zum5 x1c4vz4f x2lah0s xjqpyvm x120eax6\">\n<div class=\"html-div xdj266r x14z9mp xat24cr x1lziwak xexx8yu xyri2b x18d9i69 x1c1uobl x78zum5 x15zctf7 xamitd3\">\n<div class=\"html-div xdj266r x14z9mp xat24cr x1lziwak xexx8yu x18d9i69 x1c1uobl x78zum5 xdt5ytf x1iyjqo2 x2lah0s xl56j7k x1n2onr6 x1mqs8db x1n327nk x1gabggj\" aria-hidden=\"false\">\n<div class=\"html-div xdj266r x14z9mp xat24cr x1lziwak xexx8yu xyri2b x18d9i69 x1c1uobl x6s0dn4 xl5lk40 x78zum5 x1mqs8db x15zctf7\" role=\"presentation\">\n<div class=\"html-div xdj266r x14z9mp xat24cr x1lziwak xexx8yu xyri2b x18d9i69 x1c1uobl x6s0dn4 xl5lk40 x78zum5 x1mqs8db x15zctf7\" role=\"presentation\">\n<div class=\"html-div xdj266r x14z9mp xat24cr x1lziwak xexx8yu xyri2b x18d9i69 x1c1uobl\" aria-hidden=\"false\">\n<div class=\"x9f619 x1n2onr6 x1ja2u2z __fb-light-mode\"><\/div>\n<\/div>\n<div class=\"html-div xdj266r x14z9mp xat24cr x1lziwak xexx8yu xyri2b x18d9i69 x1c1uobl\" aria-hidden=\"false\">\n<div class=\"x9f619 x1n2onr6 x1ja2u2z __fb-light-mode\"><\/div>\n<\/div>\n<div class=\"html-div xdj266r x14z9mp xat24cr x1lziwak xexx8yu xyri2b x18d9i69 x1c1uobl\" aria-hidden=\"false\">\n<div class=\"x9f619 x1n2onr6 x1ja2u2z __fb-light-mode\"><\/div>\n<\/div>\n<\/div>\n<\/div>\n<\/div>\n<\/div>\n<\/div>\n","protected":false},"featured_media":126,"comment_status":"open","ping_status":"closed","template":"","meta":[],"product_brand":[],"product_cat":[15,27],"product_tag":[],"class_list":{"0":"post-125","1":"product","2":"type-product","3":"status-publish","4":"has-post-thumbnail","6":"product_cat-egyeb","7":"product_cat-wafterek","9":"entry","10":"has-media","12":"first","13":"instock","14":"taxable","15":"shipping-taxable","16":"purchasable","17":"product-type-simple","18":"has-product-nav","19":"col","20":"span_1_of_3","21":"owp-content-center","22":"owp-thumbs-layout-horizontal","23":"owp-btn-normal","24":"owp-tabs-layout-horizontal","25":"has-no-thumbnails"},"_links":{"self":[{"href":"https:\/\/best-mix.hu\/index.php?rest_route=\/wp\/v2\/product\/125","targetHints":{"allow":["GET"]}}],"collection":[{"href":"https:\/\/best-mix.hu\/index.php?rest_route=\/wp\/v2\/product"}],"about":[{"href":"https:\/\/best-mix.hu\/index.php?rest_route=\/wp\/v2\/types\/product"}],"replies":[{"embeddable":true,"href":"https:\/\/best-mix.hu\/index.php?rest_route=%2Fwp%2Fv2%2Fcomments&post=125"}],"wp:featuredmedia":[{"embeddable":true,"href":"https:\/\/best-mix.hu\/index.php?rest_route=\/wp\/v2\/media\/126"}],"wp:attachment":[{"href":"https:\/\/best-mix.hu\/index.php?rest_route=%2Fwp%2Fv2%2Fmedia&parent=125"}],"wp:term":[{"taxonomy":"product_brand","embeddable":true,"href":"https:\/\/best-mix.hu\/index.php?rest_route=%2Fwp%2Fv2%2Fproduct_brand&post=125"},{"taxonomy":"product_cat","embeddable":true,"href":"https:\/\/best-mix.hu\/index.php?rest_route=%2Fwp%2Fv2%2Fproduct_cat&post=125"},{"taxonomy":"product_tag","embeddable":true,"href":"https:\/\/best-mix.hu\/index.php?rest_route=%2Fwp%2Fv2%2Fproduct_tag&post=125"}],"curies":[{"name":"wp","href":"https:\/\/api.w.org\/{rel}","templated":true}]}}