{"id":119,"date":"2026-04-14T11:02:22","date_gmt":"2026-04-14T09:02:22","guid":{"rendered":"https:\/\/best-mix.hu\/?post_type=product&#038;p=119"},"modified":"2026-04-27T14:15:27","modified_gmt":"2026-04-27T12:15:27","slug":"tiroli-kolbasz-bullet-wafter-6mm","status":"publish","type":"product","link":"https:\/\/best-mix.hu\/?product=tiroli-kolbasz-bullet-wafter-6mm","title":{"rendered":"Tiroli Kolb\u00e1sz bullet wafter 6mm"},"content":{"rendered":"<p>A Bestmix\u00a0 wafterek \u00fagy lettek kialak\u00edtva, hogy a legt\u00f6bb horg\u00e1szhelyzetben stabilan teljes\u00edtsenek. Hossz\u00fa tesztel\u00e9s eredm\u00e9nyek\u00e9nt egy kiegyens\u00falyozott felhajt\u00f3erej\u0171 csali sz\u00fcletett, amely t\u00fcsk\u00e9re helyezve t\u00f6k\u00e9letesen viselkedik a mederfen\u00e9ken. A dumbel forma lehet\u0151v\u00e9 teszi az ide\u00e1lis poz\u00edci\u00f3t, \u00edgy a csali k\u00f6nnyen felszippanthat\u00f3, m\u00e9g \u00f3vatosan t\u00e1pl\u00e1lkoz\u00f3 halak eset\u00e9n is. A k\u00edn\u00e1latban megtal\u00e1lhat\u00f3k az er\u0151sen figyelemfelkelt\u0151 sz\u00ednek \u00e9s a term\u00e9szetes \u00e1rnyalatok is, \u00edgy minden v\u00edzt\u00edpushoz megtal\u00e1lod a megfelel\u0151 v\u00e1laszt\u00e1st.<\/p>\n","protected":false},"excerpt":{"rendered":"<ul>\n<li><span class=\"html-span xexx8yu xyri2b x18d9i69 x1c1uobl x1hl2dhg x16tdsg8 x1vvkbs x3nfvp2 x1j61x8r x1fcty0u xdj266r xat24cr xm2jcoa x1mpyi22 xxymvpz xlup9mm x1kky2od\"><img decoding=\"async\" class=\"xz74otr x15mokao x1ga7v0g x16uus16 xbiv7yw\" src=\"https:\/\/static.xx.fbcdn.net\/images\/emoji.php\/v9\/t21\/1\/16\/1f41f.png\" alt=\"\ud83d\udc1f\" width=\"16\" height=\"16\" \/><\/span> Kiegyens\u00falyozott felhajt\u00f3er\u0151, term\u00e9szetes viselked\u00e9s a v\u00edzben<\/li>\n<li><span class=\"html-span xexx8yu xyri2b x18d9i69 x1c1uobl x1hl2dhg x16tdsg8 x1vvkbs x3nfvp2 x1j61x8r x1fcty0u xdj266r xat24cr xm2jcoa x1mpyi22 xxymvpz xlup9mm x1kky2od\"><img decoding=\"async\" class=\"xz74otr x15mokao x1ga7v0g x16uus16 xbiv7yw\" src=\"https:\/\/static.xx.fbcdn.net\/images\/emoji.php\/v9\/tb0\/1\/16\/1f3af.png\" alt=\"\ud83c\udfaf\" width=\"16\" height=\"16\" \/><\/span> K\u00f6nnyen felszippanthat\u00f3, \u00f3vatos halakn\u00e1l is m\u0171k\u00f6dik<\/li>\n<li><span class=\"html-span xexx8yu xyri2b x18d9i69 x1c1uobl x1hl2dhg x16tdsg8 x1vvkbs x3nfvp2 x1j61x8r x1fcty0u xdj266r xat24cr xm2jcoa x1mpyi22 xxymvpz xlup9mm x1kky2od\"><img decoding=\"async\" class=\"xz74otr x15mokao x1ga7v0g x16uus16 xbiv7yw\" src=\"https:\/\/static.xx.fbcdn.net\/images\/emoji.php\/v9\/t13\/1\/16\/1f308.png\" alt=\"\ud83c\udf08\" width=\"16\" height=\"16\" \/><\/span> term\u00e9szetes sz\u00ednek, minden v\u00edzre megold\u00e1s<\/li>\n<li><span class=\"html-span xexx8yu xyri2b x18d9i69 x1c1uobl x1hl2dhg x16tdsg8 x1vvkbs x3nfvp2 x1j61x8r x1fcty0u xdj266r xat24cr xm2jcoa x1mpyi22 xxymvpz xlup9mm x1kky2od\"><img loading=\"lazy\" decoding=\"async\" class=\"xz74otr x15mokao x1ga7v0g x16uus16 xbiv7yw\" src=\"https:\/\/static.xx.fbcdn.net\/images\/emoji.php\/v9\/t4b\/1\/16\/1f443.png\" alt=\"\ud83d\udc43\" width=\"16\" height=\"16\" \/><\/span>gyors csalogat\u00f3 hat\u00e1s<\/li>\n<li><span class=\"html-span xexx8yu xyri2b x18d9i69 x1c1uobl x1hl2dhg x16tdsg8 x1vvkbs x3nfvp2 x1j61x8r x1fcty0u xdj266r xat24cr xm2jcoa x1mpyi22 xxymvpz xlup9mm x1kky2od\"><img loading=\"lazy\" decoding=\"async\" class=\"xz74otr x15mokao x1ga7v0g x16uus16 xbiv7yw\" src=\"https:\/\/static.xx.fbcdn.net\/images\/emoji.php\/v9\/tfd\/1\/16\/1f3a3.png\" alt=\"\ud83c\udfa3\" width=\"16\" height=\"16\" \/><\/span> Versenyhelyzetben is bizony\u00edtott<\/li>\n<\/ul>\n","protected":false},"featured_media":120,"comment_status":"open","ping_status":"closed","template":"","meta":[],"product_brand":[],"product_cat":[15,27],"product_tag":[],"class_list":{"0":"post-119","1":"product","2":"type-product","3":"status-publish","4":"has-post-thumbnail","6":"product_cat-egyeb","7":"product_cat-wafterek","9":"entry","10":"has-media","12":"first","13":"instock","14":"taxable","15":"shipping-taxable","16":"purchasable","17":"product-type-simple","18":"has-product-nav","19":"col","20":"span_1_of_3","21":"owp-content-center","22":"owp-thumbs-layout-horizontal","23":"owp-btn-normal","24":"owp-tabs-layout-horizontal","25":"has-no-thumbnails"},"_links":{"self":[{"href":"https:\/\/best-mix.hu\/index.php?rest_route=\/wp\/v2\/product\/119","targetHints":{"allow":["GET"]}}],"collection":[{"href":"https:\/\/best-mix.hu\/index.php?rest_route=\/wp\/v2\/product"}],"about":[{"href":"https:\/\/best-mix.hu\/index.php?rest_route=\/wp\/v2\/types\/product"}],"replies":[{"embeddable":true,"href":"https:\/\/best-mix.hu\/index.php?rest_route=%2Fwp%2Fv2%2Fcomments&post=119"}],"wp:featuredmedia":[{"embeddable":true,"href":"https:\/\/best-mix.hu\/index.php?rest_route=\/wp\/v2\/media\/120"}],"wp:attachment":[{"href":"https:\/\/best-mix.hu\/index.php?rest_route=%2Fwp%2Fv2%2Fmedia&parent=119"}],"wp:term":[{"taxonomy":"product_brand","embeddable":true,"href":"https:\/\/best-mix.hu\/index.php?rest_route=%2Fwp%2Fv2%2Fproduct_brand&post=119"},{"taxonomy":"product_cat","embeddable":true,"href":"https:\/\/best-mix.hu\/index.php?rest_route=%2Fwp%2Fv2%2Fproduct_cat&post=119"},{"taxonomy":"product_tag","embeddable":true,"href":"https:\/\/best-mix.hu\/index.php?rest_route=%2Fwp%2Fv2%2Fproduct_tag&post=119"}],"curies":[{"name":"wp","href":"https:\/\/api.w.org\/{rel}","templated":true}]}}